{"id":163,"date":"2026-03-23T17:28:35","date_gmt":"2026-03-23T20:28:35","guid":{"rendered":"http:\/\/pach.net.br\/?post_type=product&#038;p=163"},"modified":"2026-03-24T12:59:13","modified_gmt":"2026-03-24T15:59:13","slug":"%f0%9f%94%b5-calculos-trabalhistas-completo","status":"publish","type":"product","link":"https:\/\/pach.net.br\/?product=%f0%9f%94%b5-calculos-trabalhistas-completo","title":{"rendered":"\ud83d\udd35 C\u00c1LCULOS TRABALHISTAS COMPLETO"},"content":{"rendered":"<h3 data-start=\"1526\" data-end=\"1576\">Saiba exatamente quanto deve ser pago ou recebido.<\/h3>\n<h3 data-start=\"1578\" data-end=\"1601\">Realizamos c\u00e1lculos de:<\/h3>\n<ul data-start=\"1602\" data-end=\"1708\">\n<li data-section-id=\"16k94za\" data-start=\"1602\" data-end=\"1615\">\n<h3>Rescis\u00f5es<\/h3>\n<\/li>\n<li data-section-id=\"1fep09y\" data-start=\"1616\" data-end=\"1632\">\n<h3>Horas extras<\/h3>\n<\/li>\n<li data-section-id=\"2sfor4\" data-start=\"1633\" data-end=\"1654\">\n<h3>FGTS, f\u00e9rias, 13\u00ba<\/h3>\n<\/li>\n<li data-section-id=\"18ld1le\" data-start=\"1655\" data-end=\"1708\">\n<h3>Adicionais (insalubridade, periculosidade, noturno)<\/h3>\n<\/li>\n<\/ul>\n<h3 data-start=\"1710\" data-end=\"1727\">\ud83d\udcc4 Perfeito para:<\/h3>\n<ul data-start=\"1728\" data-end=\"1801\">\n<li data-section-id=\"11ege4b\" data-start=\"1728\" data-end=\"1749\">\n<h3>Peti\u00e7\u00f5es iniciais<\/h3>\n<\/li>\n<li data-section-id=\"1g03thq\" data-start=\"1750\" data-end=\"1776\">\n<h3>Liquida\u00e7\u00e3o de senten\u00e7a<\/h3>\n<\/li>\n<li data-section-id=\"sxmskz\" data-start=\"1777\" data-end=\"1801\">\n<h3>Acordos trabalhistas<\/h3>\n<\/li>\n<\/ul>\n<h2 data-start=\"1803\" data-end=\"1856\">\ud83d\udc49 <strong data-start=\"1806\" data-end=\"1856\">Tenha seguran\u00e7a total nos valores trabalhistas<\/strong><\/h2>\n<h1 style=\"text-align: center;\"><a href=\"http:\/\/pach.net.br\/?page_id=32\">CONTATO<\/a><\/h1>\n","protected":false},"excerpt":{"rendered":"<h3 data-start=\"1526\" data-end=\"1576\">Saiba exatamente quanto deve ser pago ou recebido.<\/h3>\n<h3 data-start=\"1578\" data-end=\"1601\">Realizamos c\u00e1lculos de:<\/h3>\n<ul data-start=\"1602\" data-end=\"1708\">\n<li data-section-id=\"16k94za\" data-start=\"1602\" data-end=\"1615\">\n<h3>Rescis\u00f5es<\/h3>\n<\/li>\n<li data-section-id=\"1fep09y\" data-start=\"1616\" data-end=\"1632\">\n<h3>Horas extras<\/h3>\n<\/li>\n<li data-section-id=\"2sfor4\" data-start=\"1633\" data-end=\"1654\">\n<h3>FGTS, f\u00e9rias, 13\u00ba<\/h3>\n<\/li>\n<li data-section-id=\"18ld1le\" data-start=\"1655\" data-end=\"1708\">\n<h3>Adicionais (insalubridade, periculosidade, noturno)<\/h3>\n<\/li>\n<\/ul>\n<h3 data-start=\"1710\" data-end=\"1727\">\ud83d\udcc4 Perfeito para:<\/h3>\n<ul data-start=\"1728\" data-end=\"1801\">\n<li data-section-id=\"11ege4b\" data-start=\"1728\" data-end=\"1749\">\n<h3>Peti\u00e7\u00f5es iniciais<\/h3>\n<\/li>\n<li data-section-id=\"1g03thq\" data-start=\"1750\" data-end=\"1776\">\n<h3>Liquida\u00e7\u00e3o de senten\u00e7a<\/h3>\n<\/li>\n<li data-section-id=\"sxmskz\" data-start=\"1777\" data-end=\"1801\">\n<h3>Acordos trabalhistas<\/h3>\n<\/li>\n<\/ul>\n","protected":false},"featured_media":165,"comment_status":"open","ping_status":"closed","template":"","meta":[],"product_brand":[],"product_cat":[18],"product_tag":[],"class_list":{"0":"post-163","1":"product","2":"type-product","3":"status-publish","4":"has-post-thumbnail","6":"product_cat-calculo","8":"first","9":"instock","10":"shipping-taxable","11":"product-type-simple"},"jetpack_sharing_enabled":true,"_links":{"self":[{"href":"https:\/\/pach.net.br\/index.php?rest_route=\/wp\/v2\/product\/163","targetHints":{"allow":["GET"]}}],"collection":[{"href":"https:\/\/pach.net.br\/index.php?rest_route=\/wp\/v2\/product"}],"about":[{"href":"https:\/\/pach.net.br\/index.php?rest_route=\/wp\/v2\/types\/product"}],"replies":[{"embeddable":true,"href":"https:\/\/pach.net.br\/index.php?rest_route=%2Fwp%2Fv2%2Fcomments&post=163"}],"wp:featuredmedia":[{"embeddable":true,"href":"https:\/\/pach.net.br\/index.php?rest_route=\/wp\/v2\/media\/165"}],"wp:attachment":[{"href":"https:\/\/pach.net.br\/index.php?rest_route=%2Fwp%2Fv2%2Fmedia&parent=163"}],"wp:term":[{"taxonomy":"product_brand","embeddable":true,"href":"https:\/\/pach.net.br\/index.php?rest_route=%2Fwp%2Fv2%2Fproduct_brand&post=163"},{"taxonomy":"product_cat","embeddable":true,"href":"https:\/\/pach.net.br\/index.php?rest_route=%2Fwp%2Fv2%2Fproduct_cat&post=163"},{"taxonomy":"product_tag","embeddable":true,"href":"https:\/\/pach.net.br\/index.php?rest_route=%2Fwp%2Fv2%2Fproduct_tag&post=163"}],"curies":[{"name":"wp","href":"https:\/\/api.w.org\/{rel}","templated":true}]}}