{"id":162,"date":"2026-03-23T17:02:17","date_gmt":"2026-03-23T20:02:17","guid":{"rendered":"http:\/\/pach.net.br\/?post_type=product&#038;p=162"},"modified":"2026-03-24T13:00:25","modified_gmt":"2026-03-24T16:00:25","slug":"calculos-trabalhistas-completos","status":"publish","type":"product","link":"https:\/\/pach.net.br\/?product=calculos-trabalhistas-completos","title":{"rendered":"\u2696\ufe0f C\u00c1LCULOS DE LIQUIDA\u00c7\u00c3O DE SENTEN\u00c7A"},"content":{"rendered":"<h3 data-start=\"2525\" data-end=\"2589\">Transforme decis\u00f5es judiciais em valores corretos e execut\u00e1veis.<\/h3>\n<h3 data-start=\"2591\" data-end=\"2602\">Realizamos:<\/h3>\n<ul data-start=\"2603\" data-end=\"2734\">\n<li data-section-id=\"108qprl\" data-start=\"2603\" data-end=\"2636\">\n<h3>Apura\u00e7\u00e3o completa dos valores<\/h3>\n<\/li>\n<li data-section-id=\"cafcu0\" data-start=\"2637\" data-end=\"2667\">\n<h3>Corre\u00e7\u00e3o monet\u00e1ria e juros<\/h3>\n<\/li>\n<li data-section-id=\"176w8e9\" data-start=\"2668\" data-end=\"2701\">\n<h3>Multas, honor\u00e1rios e encargos<\/h3>\n<\/li>\n<li data-section-id=\"4d07qi\" data-start=\"2702\" data-end=\"2734\">\n<h3>Mem\u00f3ria de c\u00e1lculo detalhada<\/h3>\n<\/li>\n<\/ul>\n<h3 data-start=\"2736\" data-end=\"2777\">\ud83d\udcc4 Entregamos tudo pronto para o processo<\/h3>\n<h2 data-start=\"2779\" data-end=\"2839\">\ud83d\udc49 <strong data-start=\"2782\" data-end=\"2839\">Garanta um c\u00e1lculo preciso e evite perdas financeiras<\/strong><\/h2>\n<h1 style=\"text-align: center;\"><a href=\"http:\/\/pach.net.br\/?page_id=32\">CONTATO<\/a><\/h1>\n","protected":false},"excerpt":{"rendered":"<p>Transforme decis\u00f5es judiciais em valores corretos e execut\u00e1veis. Realizamos: Apura\u00e7\u00e3o completa dos valores Corre\u00e7\u00e3o monet\u00e1ria e juros Multas, honor\u00e1rios e encargos Mem\u00f3ria de c\u00e1lculo detalhada \ud83d\udcc4 Entregamos tudo pronto para o processo \ud83d\udc49 Garanta um c\u00e1lculo preciso e evite perdas financeiras CONTATO<\/p>\n","protected":false},"featured_media":170,"comment_status":"open","ping_status":"closed","template":"","meta":[],"product_brand":[],"product_cat":[18],"product_tag":[],"class_list":{"0":"post-162","1":"product","2":"type-product","3":"status-publish","4":"has-post-thumbnail","6":"product_cat-calculo","8":"first","9":"instock","10":"shipping-taxable","11":"product-type-simple"},"jetpack_sharing_enabled":true,"_links":{"self":[{"href":"https:\/\/pach.net.br\/index.php?rest_route=\/wp\/v2\/product\/162","targetHints":{"allow":["GET"]}}],"collection":[{"href":"https:\/\/pach.net.br\/index.php?rest_route=\/wp\/v2\/product"}],"about":[{"href":"https:\/\/pach.net.br\/index.php?rest_route=\/wp\/v2\/types\/product"}],"replies":[{"embeddable":true,"href":"https:\/\/pach.net.br\/index.php?rest_route=%2Fwp%2Fv2%2Fcomments&post=162"}],"wp:featuredmedia":[{"embeddable":true,"href":"https:\/\/pach.net.br\/index.php?rest_route=\/wp\/v2\/media\/170"}],"wp:attachment":[{"href":"https:\/\/pach.net.br\/index.php?rest_route=%2Fwp%2Fv2%2Fmedia&parent=162"}],"wp:term":[{"taxonomy":"product_brand","embeddable":true,"href":"https:\/\/pach.net.br\/index.php?rest_route=%2Fwp%2Fv2%2Fproduct_brand&post=162"},{"taxonomy":"product_cat","embeddable":true,"href":"https:\/\/pach.net.br\/index.php?rest_route=%2Fwp%2Fv2%2Fproduct_cat&post=162"},{"taxonomy":"product_tag","embeddable":true,"href":"https:\/\/pach.net.br\/index.php?rest_route=%2Fwp%2Fv2%2Fproduct_tag&post=162"}],"curies":[{"name":"wp","href":"https:\/\/api.w.org\/{rel}","templated":true}]}}