{"id":156,"date":"2026-03-23T14:58:29","date_gmt":"2026-03-23T17:58:29","guid":{"rendered":"http:\/\/pach.net.br\/?post_type=product&#038;p=156"},"modified":"2026-03-24T13:01:34","modified_gmt":"2026-03-24T16:01:34","slug":"%f0%9f%9f%a1-correcao-monetaria-e-atualizacao-de-valores","status":"publish","type":"product","link":"https:\/\/pach.net.br\/?product=%f0%9f%9f%a1-correcao-monetaria-e-atualizacao-de-valores","title":{"rendered":"\ud83d\udfe1 CORRE\u00c7\u00c3O MONET\u00c1RIA E ATUALIZA\u00c7\u00c3O DE VALORES"},"content":{"rendered":"<h3 data-start=\"1194\" data-end=\"1238\">Tem valores antigos para receber ou revisar?<\/h3>\n<h3 data-start=\"1240\" data-end=\"1264\">Atualizamos valores com:<\/h3>\n<ul data-start=\"1265\" data-end=\"1373\">\n<li data-section-id=\"3aah64\" data-start=\"1265\" data-end=\"1287\">\n<h3>Corre\u00e7\u00e3o monet\u00e1ria<\/h3>\n<\/li>\n<li data-section-id=\"slx2wk\" data-start=\"1288\" data-end=\"1341\">\n<h3>Juros legais (inclusive conforme Lei 14.905\/2024)<\/h3>\n<\/li>\n<li data-section-id=\"1cg30cj\" data-start=\"1342\" data-end=\"1373\">\n<h3>Dedu\u00e7\u00e3o de valores j\u00e1 pagos<\/h3>\n<\/li>\n<\/ul>\n<h3 data-start=\"1375\" data-end=\"1427\">\ud83d\udcca Ideal para a\u00e7\u00f5es judiciais e c\u00e1lculos financeiros<\/h3>\n<h1 data-start=\"1429\" data-end=\"1479\">\ud83d\udc49 <strong data-start=\"1432\" data-end=\"1479\">Atualize seus valores com precis\u00e3o jur\u00eddica<\/strong><\/h1>\n<h1 style=\"text-align: center;\"><a href=\"http:\/\/pach.net.br\/?page_id=32\">CONTATO<\/a><\/h1>\n","protected":false},"excerpt":{"rendered":"<h3 data-start=\"1240\" data-end=\"1264\">Atualizamos valores com:<\/h3>\n<ul data-start=\"1265\" data-end=\"1373\">\n<li data-section-id=\"3aah64\" data-start=\"1265\" data-end=\"1287\">\n<h3>Corre\u00e7\u00e3o monet\u00e1ria<\/h3>\n<\/li>\n<li data-section-id=\"slx2wk\" data-start=\"1288\" data-end=\"1341\">\n<h3>Juros legais (inclusive conforme Lei 14.905\/2024)<\/h3>\n<\/li>\n<li data-section-id=\"1cg30cj\" data-start=\"1342\" data-end=\"1373\">\n<h3>Dedu\u00e7\u00e3o de valores j\u00e1 pagos<\/h3>\n<\/li>\n<\/ul>\n","protected":false},"featured_media":159,"comment_status":"open","ping_status":"closed","template":"","meta":[],"product_brand":[],"product_cat":[18],"product_tag":[],"class_list":{"0":"post-156","1":"product","2":"type-product","3":"status-publish","4":"has-post-thumbnail","6":"product_cat-calculo","8":"first","9":"instock","10":"shipping-taxable","11":"product-type-simple"},"jetpack_sharing_enabled":true,"_links":{"self":[{"href":"https:\/\/pach.net.br\/index.php?rest_route=\/wp\/v2\/product\/156","targetHints":{"allow":["GET"]}}],"collection":[{"href":"https:\/\/pach.net.br\/index.php?rest_route=\/wp\/v2\/product"}],"about":[{"href":"https:\/\/pach.net.br\/index.php?rest_route=\/wp\/v2\/types\/product"}],"replies":[{"embeddable":true,"href":"https:\/\/pach.net.br\/index.php?rest_route=%2Fwp%2Fv2%2Fcomments&post=156"}],"wp:featuredmedia":[{"embeddable":true,"href":"https:\/\/pach.net.br\/index.php?rest_route=\/wp\/v2\/media\/159"}],"wp:attachment":[{"href":"https:\/\/pach.net.br\/index.php?rest_route=%2Fwp%2Fv2%2Fmedia&parent=156"}],"wp:term":[{"taxonomy":"product_brand","embeddable":true,"href":"https:\/\/pach.net.br\/index.php?rest_route=%2Fwp%2Fv2%2Fproduct_brand&post=156"},{"taxonomy":"product_cat","embeddable":true,"href":"https:\/\/pach.net.br\/index.php?rest_route=%2Fwp%2Fv2%2Fproduct_cat&post=156"},{"taxonomy":"product_tag","embeddable":true,"href":"https:\/\/pach.net.br\/index.php?rest_route=%2Fwp%2Fv2%2Fproduct_tag&post=156"}],"curies":[{"name":"wp","href":"https:\/\/api.w.org\/{rel}","templated":true}]}}