{"id":437,"date":"2026-05-10T16:15:12","date_gmt":"2026-05-10T19:15:12","guid":{"rendered":"https:\/\/pach.net.br\/?page_id=437"},"modified":"2026-05-10T16:15:15","modified_gmt":"2026-05-10T19:15:15","slug":"politicas","status":"publish","type":"page","link":"https:\/\/pach.net.br\/?page_id=437","title":{"rendered":"Pol\u00edticas"},"content":{"rendered":"\n<h2 class=\"wp-block-heading has-large-font-size\"><strong><em><a href=\"https:\/\/pach.net.br\/?page_id=321\" data-type=\"page\" data-id=\"321\">Pol\u00edtica de Privacidade<\/a><\/em><\/strong><\/h2>\n\n\n\n<p><\/p>\n\n\n\n<h2 class=\"wp-block-heading has-large-font-size\"><a href=\"https:\/\/pach.net.br\/?page_id=327\" data-type=\"page\" data-id=\"327\"><strong><em>Pol\u00edtica de Reembolso<\/em><\/strong> <strong><em>e Devolu\u00e7\u00f5es<\/em><\/strong><\/a><\/h2>\n","protected":false},"excerpt":{"rendered":"<p>Pol\u00edtica de Privacidade Pol\u00edtica de Reembolso e Devolu\u00e7\u00f5es<\/p>\n","protected":false},"author":1,"featured_media":0,"parent":0,"menu_order":0,"comment_status":"closed","ping_status":"closed","template":"","meta":{"footnotes":""},"class_list":["post-437","page","type-page","status-publish","hentry"],"jetpack_sharing_enabled":true,"_links":{"self":[{"href":"https:\/\/pach.net.br\/index.php?rest_route=\/wp\/v2\/pages\/437","targetHints":{"allow":["GET"]}}],"collection":[{"href":"https:\/\/pach.net.br\/index.php?rest_route=\/wp\/v2\/pages"}],"about":[{"href":"https:\/\/pach.net.br\/index.php?rest_route=\/wp\/v2\/types\/page"}],"author":[{"embeddable":true,"href":"https:\/\/pach.net.br\/index.php?rest_route=\/wp\/v2\/users\/1"}],"replies":[{"embeddable":true,"href":"https:\/\/pach.net.br\/index.php?rest_route=%2Fwp%2Fv2%2Fcomments&post=437"}],"version-history":[{"count":1,"href":"https:\/\/pach.net.br\/index.php?rest_route=\/wp\/v2\/pages\/437\/revisions"}],"predecessor-version":[{"id":438,"href":"https:\/\/pach.net.br\/index.php?rest_route=\/wp\/v2\/pages\/437\/revisions\/438"}],"wp:attachment":[{"href":"https:\/\/pach.net.br\/index.php?rest_route=%2Fwp%2Fv2%2Fmedia&parent=437"}],"curies":[{"name":"wp","href":"https:\/\/api.w.org\/{rel}","templated":true}]}}