{"id":432,"date":"2026-05-10T16:02:09","date_gmt":"2026-05-10T19:02:09","guid":{"rendered":"https:\/\/pach.net.br\/?page_id=432"},"modified":"2026-05-10T16:20:53","modified_gmt":"2026-05-10T19:20:53","slug":"contato-profissional","status":"publish","type":"page","link":"https:\/\/pach.net.br\/?page_id=432","title":{"rendered":"Contato"},"content":{"rendered":"\n<div class=\"wp-block-group alignfull is-style-ext-preset--group--natural-1--section ext-animate--off has-background-background-color has-background\" style=\"margin-top:0;margin-bottom:0;padding-top:var(--wp--preset--spacing--70);padding-bottom:var(--wp--preset--spacing--70)\"><div class=\"wp-block-group__inner-container is-layout-constrained wp-block-group-is-layout-constrained\">\n<div class=\"wp-block-media-text alignwide has-media-on-the-right is-stacked-on-mobile is-image-fill-element is-style-ext-preset--media-text--natural-1--card-1 ext-animate--on has-tertiary-background-color has-background\" style=\"grid-template-columns:auto 48%\"><div class=\"wp-block-media-text__content\">\n<div class=\"wp-block-group alignwide ext-animate--off\" style=\"padding-top:var(--wp--preset--spacing--55);padding-right:var(--wp--preset--spacing--55);padding-bottom:var(--wp--preset--spacing--55);padding-left:var(--wp--preset--spacing--55)\"><div class=\"wp-block-group__inner-container is-layout-constrained wp-container-core-group-is-layout-c99ad1e0 wp-block-group-is-layout-constrained\">\n<div class=\"wp-block-contact-form-7-contact-form-selector\">\n<div class=\"wpcf7 no-js\" id=\"wpcf7-f370-o1\" lang=\"pt-BR\" dir=\"ltr\" data-wpcf7-id=\"370\">\n<div class=\"screen-reader-response\"><p role=\"status\" aria-live=\"polite\" aria-atomic=\"true\"><\/p> <ul><\/ul><\/div>\n<form action=\"\/index.php?rest_route=%2Fwp%2Fv2%2Fpages%2F432#wpcf7-f370-o1\" method=\"post\" class=\"wpcf7-form init cf7mls-no-scroll cf7mls-auto-return-first-step cf7mls-no-moving-animation\" aria-label=\"Formul\u00e1rios de contato\" novalidate=\"novalidate\" data-status=\"init\">\n<fieldset class=\"hidden-fields-container\"><input type=\"hidden\" name=\"_wpcf7\" value=\"370\" \/><input type=\"hidden\" name=\"_wpcf7_version\" value=\"6.1.5\" \/><input type=\"hidden\" name=\"_wpcf7_locale\" value=\"pt_BR\" \/><input type=\"hidden\" name=\"_wpcf7_unit_tag\" value=\"wpcf7-f370-o1\" \/><input type=\"hidden\" name=\"_wpcf7_container_post\" value=\"0\" \/><input type=\"hidden\" name=\"_wpcf7_posted_data_hash\" value=\"\" \/>\n<\/fieldset>\n<p><label> Seu nome completo<br \/>\n<span class=\"wpcf7-form-control-wrap\" data-name=\"your-name\"><input size=\"40\" maxlength=\"400\" class=\"wpcf7-form-control wpcf7-text wpcf7-validates-as-required\" autocomplete=\"name\" aria-required=\"true\" aria-invalid=\"false\" value=\"\" type=\"text\" name=\"your-name\" \/><\/span><br \/>\n<\/label>\n<\/p>\n<p><label> Seu e-mail<br \/>\n<span class=\"wpcf7-form-control-wrap\" data-name=\"your-email\"><input size=\"40\" maxlength=\"400\" class=\"wpcf7-form-control wpcf7-email wpcf7-validates-as-required wpcf7-text wpcf7-validates-as-email\" autocomplete=\"email\" aria-required=\"true\" aria-invalid=\"false\" value=\"\" type=\"email\" name=\"your-email\" \/><\/span><br \/>\n<\/label>\n<\/p>\n<style>\n.campo-telefone {\n width: 100%;\n max-width: 320px;\n padding: 14px;\n font-size: 17px;\n border: 1px solid #ccc;\n border-radius: 8px;\n outline: none;\n}\n\n.campo-telefone:focus {\n border-color: #25d366;\n box-shadow: 0 0 0 2px rgba(37, 211, 102, 0.2);\n}\n<\/style>\n<p><input\n  type=\"tel\"\n  id=\"telefone\"\n  class=\"campo-telefone\"\n  placeholder=\"(xx) xxxxx xxxx\"\n  maxlength=\"15\" \/>\n<\/p>\n<p><script>\ndocument.getElementById(\"telefone\").addEventListener(\"input\", function (e) {\n let v = e.target.value.replace(\/\\D\/g, \"\");\n\n if (v.length > 11) v = v.slice(0, 11);\n\n if (v.length > 6) {\n e.target.value = `(${v.slice(0, 2)}) ${v.slice(2, 7)} ${v.slice(7)}`;\n } else if (v.length > 2) {\n e.target.value = `(${v.slice(0, 2)}) ${v.slice(2)}`;\n } else if (v.length > 0) {\n e.target.value = `(${v}`;\n }\n});\n<\/script>\n<\/p>\n<p><label> Escolha<br \/>\n<span class=\"wpcf7-form-control-wrap\" data-name=\"select-759\"><select class=\"wpcf7-form-control wpcf7-select wpcf7-validates-as-required Assunto\" aria-required=\"true\" aria-invalid=\"false\" name=\"select-759\"><option value=\"1. Escolha um tema.\">1. Escolha um tema.<\/option><option value=\"2. Juros Abusivos.\">2. Juros Abusivos.<\/option><option value=\"3. Corre\u00e7\u00e3o Monet\u00e1ria.\">3. Corre\u00e7\u00e3o Monet\u00e1ria.<\/option><option value=\"4. Trabalhistas.\">4. Trabalhistas.<\/option><option value=\"5. PASEP - Atualiza\u00e7\u00e3o de Saldo.\">5. PASEP - Atualiza\u00e7\u00e3o de Saldo.<\/option><option value=\"6. Descontos Indevidos em Benef\u00edcio do INSS.\">6. Descontos Indevidos em Benef\u00edcio do INSS.<\/option><option value=\"7. Liquida\u00e7\u00e3o de Senten\u00e7a.\">7. Liquida\u00e7\u00e3o de Senten\u00e7a.<\/option><option value=\"8. Outro Assunto.\">8. Outro Assunto.<\/option><\/select><\/span><br \/>\n<\/label>\n<\/p>\n<p><label> Sua mensagem (opcional)<br \/>\n<span class=\"wpcf7-form-control-wrap\" data-name=\"your-message\"><textarea cols=\"40\" rows=\"10\" maxlength=\"2000\" class=\"wpcf7-form-control wpcf7-textarea\" aria-invalid=\"false\" name=\"your-message\"><\/textarea><\/span><br \/>\n<\/label>\n<\/p>\n<p><input class=\"wpcf7-form-control wpcf7-submit has-spinner\" type=\"submit\" value=\"ENVIAR\" \/>\n<\/p><p style=\"display: none !important;\" class=\"akismet-fields-container\" data-prefix=\"_wpcf7_ak_\"><label>&#916;<textarea name=\"_wpcf7_ak_hp_textarea\" cols=\"45\" rows=\"8\" maxlength=\"100\"><\/textarea><\/label><input type=\"hidden\" id=\"ak_js_1\" name=\"_wpcf7_ak_js\" value=\"221\"\/><script type=\"text\/javascript\">\n\/* <![CDATA[ *\/\ndocument.getElementById( \"ak_js_1\" ).setAttribute( \"value\", ( new Date() ).getTime() );\n\/* ]]> *\/\n<\/script>\n<\/p><div class=\"wpcf7-response-output\" aria-hidden=\"true\"><\/div>\n<\/form>\n<\/div>\n<\/div>\n<\/div><\/div>\n<\/div><figure class=\"wp-block-media-text__media\"><img decoding=\"async\" width=\"1440\" height=\"960\" class=\"wp-image-442 size-full\" src=\"https:\/\/pach.net.br\/wp-content\/uploads\/2026\/05\/60b84ebb6ad3d37104dcdba957be933be6d88cd3.jpg\" alt=\"\" style=\"object-position:50% 50%\" srcset=\"https:\/\/pach.net.br\/wp-content\/uploads\/2026\/05\/60b84ebb6ad3d37104dcdba957be933be6d88cd3.jpg 1440w, https:\/\/pach.net.br\/wp-content\/uploads\/2026\/05\/60b84ebb6ad3d37104dcdba957be933be6d88cd3-300x200.jpg 300w, https:\/\/pach.net.br\/wp-content\/uploads\/2026\/05\/60b84ebb6ad3d37104dcdba957be933be6d88cd3-1024x683.jpg 1024w, https:\/\/pach.net.br\/wp-content\/uploads\/2026\/05\/60b84ebb6ad3d37104dcdba957be933be6d88cd3-768x512.jpg 768w, https:\/\/pach.net.br\/wp-content\/uploads\/2026\/05\/60b84ebb6ad3d37104dcdba957be933be6d88cd3-1320x880.jpg 1320w, https:\/\/pach.net.br\/wp-content\/uploads\/2026\/05\/60b84ebb6ad3d37104dcdba957be933be6d88cd3-600x400.jpg 600w\" sizes=\"(max-width: 1440px) 100vw, 1440px\" \/><\/figure><\/div>\n<\/div><\/div>\n\n\n\n<div class=\"wp-block-group alignfull is-style-ext-preset--group--natural-1--section has-tertiary-background-color has-background\" style=\"margin-top:0;margin-bottom:0;padding-top:var(--wp--preset--spacing--70);padding-bottom:var(--wp--preset--spacing--70)\"><div class=\"wp-block-group__inner-container is-layout-constrained wp-block-group-is-layout-constrained\">\n<div class=\"wp-block-columns alignwide is-layout-flex wp-container-core-columns-is-layout-bd0aba32 wp-block-columns-is-layout-flex\">\n<div class=\"wp-block-column is-vertically-aligned-center ext-animate--on is-layout-flow wp-block-column-is-layout-flow\">\n<figure class=\"wp-block-image is-style-ext-preset--image--natural-1--image-1--content-left\"><img decoding=\"async\" width=\"1440\" height=\"774\" class=\"wp-image-443\" src=\"https:\/\/pach.net.br\/wp-content\/uploads\/2026\/05\/c81f6d47a80dea92787ad1b0c5aaef977c2bcfa9.jpg\" alt=\"\" style=\"aspect-ratio:4\/3;object-fit:cover\" srcset=\"https:\/\/pach.net.br\/wp-content\/uploads\/2026\/05\/c81f6d47a80dea92787ad1b0c5aaef977c2bcfa9.jpg 1440w, https:\/\/pach.net.br\/wp-content\/uploads\/2026\/05\/c81f6d47a80dea92787ad1b0c5aaef977c2bcfa9-300x161.jpg 300w, https:\/\/pach.net.br\/wp-content\/uploads\/2026\/05\/c81f6d47a80dea92787ad1b0c5aaef977c2bcfa9-1024x550.jpg 1024w, https:\/\/pach.net.br\/wp-content\/uploads\/2026\/05\/c81f6d47a80dea92787ad1b0c5aaef977c2bcfa9-768x413.jpg 768w, https:\/\/pach.net.br\/wp-content\/uploads\/2026\/05\/c81f6d47a80dea92787ad1b0c5aaef977c2bcfa9-1320x710.jpg 1320w, https:\/\/pach.net.br\/wp-content\/uploads\/2026\/05\/c81f6d47a80dea92787ad1b0c5aaef977c2bcfa9-600x323.jpg 600w\" sizes=\"(max-width: 1440px) 100vw, 1440px\" \/><\/figure>\n<\/div>\n\n\n\n<div class=\"wp-block-column is-vertically-aligned-stretch ext-animate--on is-layout-flow wp-block-column-is-layout-flow\">\n<div class=\"wp-block-group alignwide is-style-ext-preset--group--natural-1--item-card-1--align-start has-background-background-color has-background is-nowrap is-layout-flex wp-container-core-group-is-layout-47df1abd wp-block-group-is-layout-flex\" style=\"min-height:100%;padding-top:0;padding-right:0;padding-bottom:0;padding-left:0\">\n<div class=\"wp-block-group alignwide\" style=\"padding-top:var(--wp--preset--spacing--50);padding-right:var(--wp--preset--spacing--50);padding-bottom:var(--wp--preset--spacing--50);padding-left:var(--wp--preset--spacing--50)\"><div class=\"wp-block-group__inner-container is-layout-constrained wp-container-core-group-is-layout-8d1ce977 wp-block-group-is-layout-constrained\">\n<p style=\"font-size:18px\">Aqui voc\u00ea encontra nosso endere\u00e7o, telefone e e-mail para contato \u00e1gil e eficiente.<\/p>\n\n\n\n<div class=\"wp-block-columns is-not-stacked-on-mobile is-layout-flex wp-container-core-columns-is-layout-79d3ab02 wp-block-columns-is-layout-flex\">\n<div class=\"wp-block-column is-layout-flow wp-block-column-is-layout-flow\" style=\"padding-top:2px;flex-basis:24px\">\n<figure class=\"wp-block-image size-large wp-duotone-varpresetduotoneprimary-foreground-1\"><img decoding=\"async\" src=\"data:image\/svg+xml;base64,PHN2ZyB4bWxucz0iaHR0cDovL3d3dy53My5vcmcvMjAwMC9zdmciIHdpZHRoPSIyNCIgaGVpZ2h0PSIyNCIgZmlsbD0iIzAwMDAwMCIgdmlld0JveD0iMCAwIDI1NiAyNTYiPjxwYXRoIGQ9Ik0yMDAsMjI0SDE1MC41NEEyNjYuNTYsMjY2LjU2LDAsMCwwLDE3NCwyMDAuMjVjMjcuNDUtMzEuNTcsNDItNjQuODUsNDItOTYuMjVhODgsODgsMCwwLDAtMTc2LDBjMCwzMS40LDE0LjUxLDY0LjY4LDQyLDk2LjI1QTI2Ni41NiwyNjYuNTYsMCwwLDAsMTA1LjQ2LDIyNEg1NmE4LDgsMCwwLDAsMCwxNkgyMDBhOCw4LDAsMCwwLDAtMTZaTTU2LDEwNGE3Miw3MiwwLDAsMSwxNDQsMGMwLDU3LjIzLTU1LjQ3LDEwNS03MiwxMThDMTExLjQ3LDIwOSw1NiwxNjEuMjMsNTYsMTA0Wm0xMTIsMGE0MCw0MCwwLDEsMC00MCw0MEE0MCw0MCwwLDAsMCwxNjgsMTA0Wm0tNjQsMGEyNCwyNCwwLDEsMSwyNCwyNEEyNCwyNCwwLDAsMSwxMDQsMTA0WiI+PC9wYXRoPjwvc3ZnPg==\" alt=\"\"\/><\/figure>\n<\/div>\n\n\n\n<div class=\"wp-block-column is-layout-flow wp-block-column-is-layout-flow\">\n<p class=\"has-medium-font-size\" style=\"font-style:normal;font-weight:500\">Rua Frei Everaldo, 3.716 &#8211; 01 Centro<\/p>\n\n\n\n<p class=\"has-medium-font-size\" style=\"margin-top:0;margin-bottom:0;font-style:normal;font-weight:500\">Chopinzinho\/PR &#8211; CEP: 85.560-000<\/p>\n<\/div>\n<\/div>\n\n\n\n<div class=\"wp-block-columns are-vertically-aligned-center is-not-stacked-on-mobile is-layout-flex wp-container-core-columns-is-layout-79d3ab02 wp-block-columns-is-layout-flex\">\n<div class=\"wp-block-column is-vertically-aligned-center is-layout-flow wp-block-column-is-layout-flow\" style=\"flex-basis:24px\">\n<figure class=\"wp-block-image size-large wp-duotone-varpresetduotoneprimary-foreground-2\"><img decoding=\"async\" src=\"data:image\/svg+xml;base64,PHN2ZyB4bWxucz0iaHR0cDovL3d3dy53My5vcmcvMjAwMC9zdmciIHdpZHRoPSIyNCIgaGVpZ2h0PSIyNCIgZmlsbD0iIzAwMDAwMCIgdmlld0JveD0iMCAwIDI1NiAyNTYiPjxwYXRoIGQ9Ik0yMjIuMzcsMTU4LjQ2bC00Ny4xMS0yMS4xMS0uMTMtLjA2YTE2LDE2LDAsMCwwLTE1LjE3LDEuNCw4LjEyLDguMTIsMCwwLDAtLjc1LjU2TDEzNC44NywxNjBjLTE1LjQyLTcuNDktMzEuMzQtMjMuMjktMzguODMtMzguNTFsMjAuNzgtMjQuNzFjLjItLjI1LjM5LS41LjU3LS43N2ExNiwxNiwwLDAsMCwxLjMyLTE1LjA2bDAtLjEyTDk3LjU0LDMzLjY0YTE2LDE2LDAsMCwwLTE2LjYyLTkuNTJBNTYuMjYsNTYuMjYsMCwwLDAsMzIsODBjMCw3OS40LDY0LjYsMTQ0LDE0NCwxNDRhNTYuMjYsNTYuMjYsMCwwLDAsNTUuODgtNDguOTJBMTYsMTYsMCwwLDAsMjIyLjM3LDE1OC40NlpNMTc2LDIwOEExMjguMTQsMTI4LjE0LDAsMCwxLDQ4LDgwLDQwLjIsNDAuMiwwLDAsMSw4Mi44Nyw0MGEuNjEuNjEsMCwwLDAsMCwuMTJsMjEsNDdMODMuMiwxMTEuODZhNi4xMyw2LjEzLDAsMCwwLS41Ny43NywxNiwxNiwwLDAsMC0xLDE1LjdjOS4wNiwxOC41MywyNy43MywzNy4wNiw0Ni40Niw0Ni4xMWExNiwxNiwwLDAsMCwxNS43NS0xLjE0LDguNDQsOC40NCwwLDAsMCwuNzQtLjU2TDE2OC44OSwxNTJsNDcsMjEuMDVoMHMuMDgsMCwuMTEsMEE0MC4yMSw0MC4yMSwwLDAsMSwxNzYsMjA4WiI+PC9wYXRoPjwvc3ZnPg==\" alt=\"\"\/><\/figure>\n<\/div>\n\n\n\n<div class=\"wp-block-column is-vertically-aligned-center is-layout-flow wp-block-column-is-layout-flow\">\n<p class=\"has-medium-font-size\" style=\"font-style:normal;font-weight:500\">+55-41 99684 2130<\/p>\n<\/div>\n<\/div>\n\n\n\n<div class=\"wp-block-columns are-vertically-aligned-center is-not-stacked-on-mobile is-layout-flex wp-container-core-columns-is-layout-79d3ab02 wp-block-columns-is-layout-flex\">\n<div class=\"wp-block-column is-vertically-aligned-center is-layout-flow wp-block-column-is-layout-flow\" style=\"flex-basis:24px\">\n<figure class=\"wp-block-image size-large wp-duotone-varpresetduotoneprimary-foreground-3\"><img decoding=\"async\" src=\"data:image\/svg+xml;base64,PHN2ZyB4bWxucz0iaHR0cDovL3d3dy53My5vcmcvMjAwMC9zdmciIHdpZHRoPSIyNCIgaGVpZ2h0PSIyNCIgZmlsbD0iIzAwMDAwMCIgdmlld0JveD0iMCAwIDI1NiAyNTYiPjxwYXRoIGQ9Ik0yMjQsNDhIMzJhOCw4LDAsMCwwLTgsOFYxOTJhMTYsMTYsMCwwLDAsMTYsMTZIMjE2YTE2LDE2LDAsMCwwLDE2LTE2VjU2QTgsOCwwLDAsMCwyMjQsNDhaTTIwMy40Myw2NCwxMjgsMTMzLjE1LDUyLjU3LDY0Wk0yMTYsMTkySDQwVjc0LjE5bDgyLjU5LDc1LjcxYTgsOCwwLDAsMCwxMC44MiwwTDIxNiw3NC4xOVYxOTJaIj48L3BhdGg+PC9zdmc+\" alt=\"\"\/><\/figure>\n<\/div>\n\n\n\n<div class=\"wp-block-column is-vertically-aligned-center is-layout-flow wp-block-column-is-layout-flow\">\n<p class=\"has-medium-font-size\" style=\"font-style:normal;font-weight:500\">atendimento@pach.net.br<\/p>\n<\/div>\n<\/div>\n<\/div><\/div>\n<\/div>\n<\/div>\n<\/div>\n<\/div><\/div>\n\n\n\n<div class=\"wp-block-group alignfull is-style-ext-preset--group--natural-1--section has-background-background-color has-background\" style=\"margin-top:0;margin-bottom:0;padding-top:var(--wp--preset--spacing--70);padding-right:0;padding-bottom:var(--wp--preset--spacing--70);padding-left:0\"><div class=\"wp-block-group__inner-container is-layout-constrained wp-container-core-group-is-layout-4054d651 wp-block-group-is-layout-constrained\">\n<div class=\"wp-block-group alignwide is-style-ext-preset--group--natural-1--item-card-1--align-start\"><div class=\"wp-block-group__inner-container is-layout-constrained wp-block-group-is-layout-constrained\">\n<div class=\"wp-block-cover alignwide is-style-ext-preset--cover--natural-1--cover-overlay-1\" style=\"padding-top:var(--wp--preset--spacing--50);padding-right:var(--wp--preset--spacing--30);padding-bottom:var(--wp--preset--spacing--50);padding-left:var(--wp--preset--spacing--30)\"><img decoding=\"async\" width=\"1440\" height=\"960\" class=\"wp-block-cover__image-background wp-image-444\" alt=\"\" src=\"https:\/\/pach.net.br\/wp-content\/uploads\/2026\/05\/665ab3f5ccc3edfba7808922c4ea2f086e2c348f.jpg\" data-object-fit=\"cover\" srcset=\"https:\/\/pach.net.br\/wp-content\/uploads\/2026\/05\/665ab3f5ccc3edfba7808922c4ea2f086e2c348f.jpg 1440w, https:\/\/pach.net.br\/wp-content\/uploads\/2026\/05\/665ab3f5ccc3edfba7808922c4ea2f086e2c348f-300x200.jpg 300w, https:\/\/pach.net.br\/wp-content\/uploads\/2026\/05\/665ab3f5ccc3edfba7808922c4ea2f086e2c348f-1024x683.jpg 1024w, https:\/\/pach.net.br\/wp-content\/uploads\/2026\/05\/665ab3f5ccc3edfba7808922c4ea2f086e2c348f-768x512.jpg 768w, https:\/\/pach.net.br\/wp-content\/uploads\/2026\/05\/665ab3f5ccc3edfba7808922c4ea2f086e2c348f-1320x880.jpg 1320w, https:\/\/pach.net.br\/wp-content\/uploads\/2026\/05\/665ab3f5ccc3edfba7808922c4ea2f086e2c348f-600x400.jpg 600w\" sizes=\"(max-width: 1440px) 100vw, 1440px\" \/><span aria-hidden=\"true\" class=\"wp-block-cover__background has-background-dim-80 has-background-dim\" style=\"background-color:#010101\"><\/span><div class=\"wp-block-cover__inner-container is-layout-constrained wp-container-core-cover-is-layout-7f9478e7 wp-block-cover-is-layout-constrained\">\n<div class=\"wp-block-group alignwide\" style=\"padding-top:0;padding-right:0;padding-bottom:0;padding-left:0\"><div class=\"wp-block-group__inner-container is-layout-constrained wp-container-core-group-is-layout-6db1d535 wp-block-group-is-layout-constrained\">\n<h2 class=\"wp-block-heading has-text-align-center ext-animate--on has-x-large-font-size\" style=\"margin-bottom:24px\">Entre em contato conosco para impulsionar sua recupera\u00e7\u00e3o financeira.<\/h2>\n\n\n\n<p class=\"has-text-align-center ext-animate--on\" style=\"font-size:18px\">Aqui voc\u00ea pode enviar suas d\u00favidas, coment\u00e1rios ou solicita\u00e7\u00f5es de forma r\u00e1pida e segura, facilitando o contato direto com nossa equipe especializada.<\/p>\n\n\n\n<div class=\"wp-block-buttons ext-animate--on is-content-justification-center is-layout-flex wp-container-core-buttons-is-layout-16018d1d wp-block-buttons-is-layout-flex\">\n<div class=\"wp-block-button is-style-ext-preset--button--natural-1--button-1\"><a class=\"wp-block-button__link wp-element-button\" href=\"https:\/\/pach.net.br\/?page_id=357\">Fale Conosco<\/a><\/div>\n<\/div>\n<\/div><\/div>\n<\/div><\/div>\n<\/div><\/div>\n<\/div><\/div>\n","protected":false},"excerpt":{"rendered":"<p>Aqui voc\u00ea encontra nosso endere\u00e7o, telefone e e-mail para contato \u00e1gil e eficiente. Rua Frei Everaldo, 3.716 &#8211; 01 Centro Chopinzinho\/PR &#8211; CEP: 85.560-000 +55-41 99684 2130 atendimento@pach.net.br<\/p>\n","protected":false},"author":1,"featured_media":0,"parent":0,"menu_order":0,"comment_status":"closed","ping_status":"closed","template":"","meta":{"footnotes":""},"class_list":["post-432","page","type-page","status-publish","hentry"],"jetpack_sharing_enabled":true,"_links":{"self":[{"href":"https:\/\/pach.net.br\/index.php?rest_route=\/wp\/v2\/pages\/432","targetHints":{"allow":["GET"]}}],"collection":[{"href":"https:\/\/pach.net.br\/index.php?rest_route=\/wp\/v2\/pages"}],"about":[{"href":"https:\/\/pach.net.br\/index.php?rest_route=\/wp\/v2\/types\/page"}],"author":[{"embeddable":true,"href":"https:\/\/pach.net.br\/index.php?rest_route=\/wp\/v2\/users\/1"}],"replies":[{"embeddable":true,"href":"https:\/\/pach.net.br\/index.php?rest_route=%2Fwp%2Fv2%2Fcomments&post=432"}],"version-history":[{"count":3,"href":"https:\/\/pach.net.br\/index.php?rest_route=\/wp\/v2\/pages\/432\/revisions"}],"predecessor-version":[{"id":445,"href":"https:\/\/pach.net.br\/index.php?rest_route=\/wp\/v2\/pages\/432\/revisions\/445"}],"wp:attachment":[{"href":"https:\/\/pach.net.br\/index.php?rest_route=%2Fwp%2Fv2%2Fmedia&parent=432"}],"curies":[{"name":"wp","href":"https:\/\/api.w.org\/{rel}","templated":true}]}}