{"id":327,"date":"2026-05-01T16:43:51","date_gmt":"2026-05-01T19:43:51","guid":{"rendered":"https:\/\/pach.net.br\/?page_id=327"},"modified":"2026-05-01T17:40:41","modified_gmt":"2026-05-01T20:40:41","slug":"politica-de-reembolso-e-devolucoes","status":"publish","type":"page","link":"https:\/\/pach.net.br\/?page_id=327","title":{"rendered":"Pol\u00edtica de Reembolso e Devolu\u00e7\u00f5es"},"content":{"rendered":"\n<div class=\"wp-block-group alignfull is-style-ext-preset--group--natural-1--section has-background-background-color has-background\" style=\"margin-top:0;margin-bottom:0;padding-top:var(--wp--preset--spacing--70);padding-bottom:var(--wp--preset--spacing--70)\"><div class=\"wp-block-group__inner-container is-layout-constrained wp-container-core-group-is-layout-37cf5c09 wp-block-group-is-layout-constrained\">\n<h2 class=\"wp-block-heading has-text-align-center ext-animate--on\">Pol\u00edtica de Reembolso e Devolu\u00e7\u00f5es<\/h2>\n\n\n\n<p class=\"has-text-align-center ext-animate--on\" style=\"margin-top:1.5rem\">Nossa Pol\u00edtica de Reembolso e Devolu\u00e7\u00f5es estabelece que, devido \u00e0 natureza dos servi\u00e7os de c\u00e1lculos periciais prestados, n\u00e3o s\u00e3o permitidas devolu\u00e7\u00f5es ou reembolsos ap\u00f3s a execu\u00e7\u00e3o, salvo raras exce\u00e7\u00f5es em que o cliente n\u00e3o consiga utilizar os servi\u00e7os para seu benef\u00edcio, e somente ap\u00f3s esgotadas as revis\u00f5es previstas.<\/p>\n\n\n\n<figure class=\"wp-block-image is-style-ext-preset-image-natural-1-image-1--content-any is-style-ext-preset--image--natural-1--image-1--content-any ext-animate--on\"><img loading=\"lazy\" decoding=\"async\" width=\"1440\" height=\"810\" class=\"wp-image-344\" src=\"https:\/\/pach.net.br\/wp-content\/uploads\/2026\/05\/3f891c69a210e3752dd0ba33699b659782e4c469.jpg\" alt=\"\" style=\"aspect-ratio:16\/9;object-fit:cover\" srcset=\"https:\/\/pach.net.br\/wp-content\/uploads\/2026\/05\/3f891c69a210e3752dd0ba33699b659782e4c469.jpg 1440w, https:\/\/pach.net.br\/wp-content\/uploads\/2026\/05\/3f891c69a210e3752dd0ba33699b659782e4c469-300x169.jpg 300w, https:\/\/pach.net.br\/wp-content\/uploads\/2026\/05\/3f891c69a210e3752dd0ba33699b659782e4c469-1024x576.jpg 1024w, https:\/\/pach.net.br\/wp-content\/uploads\/2026\/05\/3f891c69a210e3752dd0ba33699b659782e4c469-768x432.jpg 768w, https:\/\/pach.net.br\/wp-content\/uploads\/2026\/05\/3f891c69a210e3752dd0ba33699b659782e4c469-1320x743.jpg 1320w, https:\/\/pach.net.br\/wp-content\/uploads\/2026\/05\/3f891c69a210e3752dd0ba33699b659782e4c469-600x338.jpg 600w\" sizes=\"auto, (max-width: 1440px) 100vw, 1440px\" \/><\/figure>\n<\/div><\/div>\n\n\n\n<div class=\"wp-block-group alignfull is-style-ext-preset--group--natural-1--section has-tertiary-background-color has-background\" style=\"margin-top:0;margin-bottom:0;padding-top:var(--wp--preset--spacing--70);padding-bottom:var(--wp--preset--spacing--70)\"><div class=\"wp-block-group__inner-container is-layout-constrained wp-block-group-is-layout-constrained\"><div class=\"wp-block-image ext-animate--on wp-duotone-varpresetduotoneprimary-foreground-1\">\n<figure class=\"aligncenter size-large\"><img decoding=\"async\" src=\"data:image\/svg+xml;base64,PHN2ZyB4bWxucz0iaHR0cDovL3d3dy53My5vcmcvMjAwMC9zdmciIHdpZHRoPSI5NiIgaGVpZ2h0PSI5NiIgZmlsbD0iIzAwMDAwMCIgdmlld0JveD0iMCAwIDI1NiAyNTYiPjxwYXRoIGQ9Ik04MC41NywxMTdBOCw4LDAsMCwxLDkxLDExMi41N2wyOSwxMS42MVY5NmE4LDgsMCwwLDEsMTYsMHYyOC4xOGwyOS0xMS42MUE4LDgsMCwxLDEsMTcxLDEyNy40M2wtMzAuMzEsMTIuMTJMMTU4LjQsMTYzLjJhOCw4LDAsMSwxLTEyLjgsOS42TDEyOCwxNDkuMzMsMTEwLjQsMTcyLjhhOCw4LDAsMSwxLTEyLjgtOS42bDE3Ljc0LTIzLjY1TDg1LDEyNy40M0E4LDgsMCwwLDEsODAuNTcsMTE3Wk0yMjQsNTZ2NTZjMCw1Mi43Mi0yNS41Miw4NC42Ny00Ni45MywxMDIuMTktMjMuMDYsMTguODYtNDYsMjUuMjctNDcsMjUuNTNhOCw4LDAsMCwxLTQuMiwwYy0xLS4yNi0yMy45MS02LjY3LTQ3LTI1LjUzQzU3LjUyLDE5Ni42NywzMiwxNjQuNzIsMzIsMTEyVjU2QTE2LDE2LDAsMCwxLDQ4LDQwSDIwOEExNiwxNiwwLDAsMSwyMjQsNTZabS0xNiwwTDQ4LDU2bDAsNTZjMCwzNy4zLDEzLjgyLDY3LjUxLDQxLjA3LDg5LjgxQTEyOC4yNSwxMjguMjUsMCwwLDAsMTI4LDIyMy42MmExMjkuMywxMjkuMywwLDAsMCwzOS40MS0yMi4yQzE5NC4zNCwxNzkuMTYsMjA4LDE0OS4wNywyMDgsMTEyWiI+PC9wYXRoPjwvc3ZnPg==\" alt=\"\"\/><\/figure>\n<\/div>\n\n\n<h2 class=\"wp-block-heading has-text-align-center ext-animate--on has-x-large-font-size\">Compromisso Claro com a Sua Satisfa\u00e7\u00e3o<\/h2>\n\n\n\n<p class=\"has-text-align-center ext-animate--on\" style=\"margin-top:1.5rem\">Nossa Pol\u00edtica de Reembolso reflete o compromisso com a transpar\u00eancia, detalhando condi\u00e7\u00f5es espec\u00edficas e exce\u00e7\u00f5es, assegurando que voc\u00ea compreenda como protegemos seus direitos em servi\u00e7os periciais.<\/p>\n<\/div><\/div>\n\n\n\n<div class=\"wp-block-group alignfull is-style-ext-preset--group--natural-1--section has-background-background-color has-background\" style=\"margin-top:0;margin-bottom:0;padding-top:var(--wp--preset--spacing--70);padding-bottom:var(--wp--preset--spacing--70)\"><div class=\"wp-block-group__inner-container is-layout-constrained wp-block-group-is-layout-constrained\">\n<div class=\"wp-block-group alignwide ext-is-logical-start is-content-justification-left\"><div class=\"wp-block-group__inner-container is-layout-constrained wp-container-core-group-is-layout-3046efe0 wp-block-group-is-layout-constrained\">\n<h2 class=\"wp-block-heading ext-animate--on\">Perguntas Frequentes sobre Reembolso<\/h2>\n\n\n\n<p class=\"ext-animate--on\">Aqui esclarecemos as d\u00favidas mais comuns para que voc\u00ea compreenda nossa pol\u00edtica de reembolso de forma clara e pr\u00e1tica.<\/p>\n<\/div><\/div>\n\n\n\n<div class=\"wp-block-columns alignwide is-layout-flex wp-container-core-columns-is-layout-bd0aba32 wp-block-columns-is-layout-flex\">\n<div class=\"wp-block-column ext-animate--on is-layout-flow wp-block-column-is-layout-flow\">\n<div class=\"wp-block-group is-style-ext-preset--group--natural-1--item-card-1--align-start\"><div class=\"wp-block-group__inner-container is-layout-constrained wp-block-group-is-layout-constrained\">\n<div class=\"wp-block-group is-style-default\"><div class=\"wp-block-group__inner-container is-layout-constrained wp-block-group-is-layout-constrained\">\n<h3 class=\"wp-block-heading\">Quais s\u00e3o as condi\u00e7\u00f5es para solicitar um reembolso?<\/h3>\n\n\n\n<p>Devido \u00e0 natureza dos servi\u00e7os periciais, reembolsos n\u00e3o s\u00e3o permitidos ap\u00f3s a finaliza\u00e7\u00e3o, exceto em casos excepcionais.<\/p>\n<\/div><\/div>\n<\/div><\/div>\n<\/div>\n\n\n\n<div class=\"wp-block-column ext-animate--on is-layout-flow wp-block-column-is-layout-flow\">\n<div class=\"wp-block-group is-style-ext-preset--group--natural-1--item-card-1--align-start\"><div class=\"wp-block-group__inner-container is-layout-constrained wp-block-group-is-layout-constrained\">\n<div class=\"wp-block-group is-style-default\"><div class=\"wp-block-group__inner-container is-layout-constrained wp-block-group-is-layout-constrained\">\n<h3 class=\"wp-block-heading\">Posso devolver o servi\u00e7o se n\u00e3o estiver satisfeito?<\/h3>\n\n\n\n<p>N\u00e3o aceitamos devolu\u00e7\u00f5es ap\u00f3s a conclus\u00e3o do servi\u00e7o, salvo situa\u00e7\u00f5es raras onde o servi\u00e7o n\u00e3o possa ser aproveitado.<\/p>\n<\/div><\/div>\n<\/div><\/div>\n<\/div>\n<\/div>\n\n\n\n<div class=\"wp-block-columns alignwide is-layout-flex wp-container-core-columns-is-layout-05cf7c1b wp-block-columns-is-layout-flex\" style=\"margin-top:var(--wp--preset--spacing--40)\">\n<div class=\"wp-block-column ext-animate--on is-layout-flow wp-block-column-is-layout-flow\">\n<div class=\"wp-block-group is-style-ext-preset--group--natural-1--item-card-1--align-start\"><div class=\"wp-block-group__inner-container is-layout-constrained wp-block-group-is-layout-constrained\">\n<div class=\"wp-block-group is-style-default\"><div class=\"wp-block-group__inner-container is-layout-constrained wp-block-group-is-layout-constrained\">\n<h3 class=\"wp-block-heading\">Como proceder se precisar de uma revis\u00e3o do servi\u00e7o?<\/h3>\n\n\n\n<p>Oferecemos revis\u00f5es conforme previsto no contrato para garantir que o servi\u00e7o atenda \u00e0s suas necessidades.<\/p>\n<\/div><\/div>\n<\/div><\/div>\n<\/div>\n\n\n\n<div class=\"wp-block-column ext-animate--on is-layout-flow wp-block-column-is-layout-flow\">\n<div class=\"wp-block-group is-style-ext-preset--group--natural-1--item-card-1--align-start\"><div class=\"wp-block-group__inner-container is-layout-constrained wp-block-group-is-layout-constrained\">\n<div class=\"wp-block-group is-style-default\"><div class=\"wp-block-group__inner-container is-layout-constrained wp-block-group-is-layout-constrained\">\n<h3 class=\"wp-block-heading\">Existe algum prazo para solicitar reembolso ou revis\u00e3o?<\/h3>\n\n\n\n<p>Solicita\u00e7\u00f5es devem ser feitas antes do esgotamento das revis\u00f5es previstas para que sejam consideradas.<\/p>\n<\/div><\/div>\n<\/div><\/div>\n<\/div>\n<\/div>\n\n\n\n<div class=\"wp-block-columns alignwide is-layout-flex wp-container-core-columns-is-layout-05cf7c1b wp-block-columns-is-layout-flex\" style=\"margin-top:var(--wp--preset--spacing--40)\">\n<div class=\"wp-block-column ext-animate--on is-layout-flow wp-block-column-is-layout-flow\">\n<div class=\"wp-block-group is-style-ext-preset--group--natural-1--item-card-1--align-start\"><div class=\"wp-block-group__inner-container is-layout-constrained wp-block-group-is-layout-constrained\">\n<div class=\"wp-block-group is-style-default\"><div class=\"wp-block-group__inner-container is-layout-constrained wp-block-group-is-layout-constrained\">\n<h3 class=\"wp-block-heading\">O que fazer se o servi\u00e7o n\u00e3o puder ser utilizado para meu benef\u00edcio?<\/h3>\n\n\n\n<p>Nessas situa\u00e7\u00f5es, analisamos caso a caso para encontrar uma solu\u00e7\u00e3o adequada, respeitando nossa pol\u00edtica.<\/p>\n<\/div><\/div>\n<\/div><\/div>\n<\/div>\n\n\n\n<div class=\"wp-block-column ext-animate--on is-layout-flow wp-block-column-is-layout-flow\">\n<div class=\"wp-block-group is-style-ext-preset--group--natural-1--item-card-1--align-start\"><div class=\"wp-block-group__inner-container is-layout-constrained wp-block-group-is-layout-constrained\">\n<div class=\"wp-block-group is-style-default\"><div class=\"wp-block-group__inner-container is-layout-constrained wp-block-group-is-layout-constrained\">\n<h3 class=\"wp-block-heading\">Como garantir que minhas d\u00favidas sejam esclarecidas?<\/h3>\n\n\n\n<p>Entre em contato conosco para suporte personalizado e esclarecimento de todas as suas quest\u00f5es.<\/p>\n<\/div><\/div>\n<\/div><\/div>\n<\/div>\n<\/div>\n<\/div><\/div>\n\n\n\n<div class=\"wp-block-group alignfull is-style-ext-preset--group--natural-1--section ext-animate--off has-tertiary-background-color has-background\" style=\"margin-top:0;margin-bottom:0;padding-top:var(--wp--preset--spacing--70);padding-bottom:var(--wp--preset--spacing--70)\"><div class=\"wp-block-group__inner-container is-layout-constrained wp-block-group-is-layout-constrained\">\n<div class=\"wp-block-media-text alignwide has-media-on-the-right is-stacked-on-mobile is-image-fill-element is-style-ext-preset--media-text--natural-1--card-1 ext-animate--on has-background-background-color has-background\" style=\"grid-template-columns:auto 48%\"><div class=\"wp-block-media-text__content\">\n<div class=\"wp-block-group alignwide ext-animate--off\" style=\"padding-top:var(--wp--preset--spacing--55);padding-right:var(--wp--preset--spacing--55);padding-bottom:var(--wp--preset--spacing--55);padding-left:var(--wp--preset--spacing--55)\"><div class=\"wp-block-group__inner-container is-layout-constrained wp-container-core-group-is-layout-c99ad1e0 wp-block-group-is-layout-constrained\">\n<div class=\"wpcf7 no-js\" id=\"wpcf7-f329-o1\" lang=\"pt-BR\" dir=\"ltr\" data-wpcf7-id=\"329\">\n<div class=\"screen-reader-response\"><p role=\"status\" aria-live=\"polite\" aria-atomic=\"true\"><\/p> <ul><\/ul><\/div>\n<form action=\"\/index.php?rest_route=%2Fwp%2Fv2%2Fpages%2F327#wpcf7-f329-o1\" method=\"post\" class=\"wpcf7-form init cf7mls-no-scroll cf7mls-no-moving-animation\" aria-label=\"Formul\u00e1rios de contato\" novalidate=\"novalidate\" data-status=\"init\">\n<fieldset class=\"hidden-fields-container\"><input type=\"hidden\" name=\"_wpcf7\" value=\"329\" \/><input type=\"hidden\" name=\"_wpcf7_version\" value=\"6.1.5\" \/><input type=\"hidden\" name=\"_wpcf7_locale\" value=\"pt_BR\" \/><input type=\"hidden\" name=\"_wpcf7_unit_tag\" value=\"wpcf7-f329-o1\" \/><input type=\"hidden\" name=\"_wpcf7_container_post\" value=\"0\" \/><input type=\"hidden\" name=\"_wpcf7_posted_data_hash\" value=\"\" \/>\n<\/fieldset>\n<p><label> Seu nome<br \/>\n<span class=\"wpcf7-form-control-wrap\" data-name=\"your-name\"><input size=\"40\" maxlength=\"400\" class=\"wpcf7-form-control wpcf7-text wpcf7-validates-as-required\" autocomplete=\"name\" aria-required=\"true\" aria-invalid=\"false\" value=\"\" type=\"text\" name=\"your-name\" \/><\/span> <\/label>\n<\/p>\n<p><label> Seu e-mail<br \/>\n<span class=\"wpcf7-form-control-wrap\" data-name=\"your-email\"><input size=\"40\" maxlength=\"400\" class=\"wpcf7-form-control wpcf7-email wpcf7-validates-as-required wpcf7-text wpcf7-validates-as-email\" autocomplete=\"email\" aria-required=\"true\" aria-invalid=\"false\" value=\"\" type=\"email\" name=\"your-email\" \/><\/span> <\/label>\n<\/p>\n<p><label> Assunto<br \/>\n<span class=\"wpcf7-form-control-wrap\" data-name=\"your-subject\"><input size=\"40\" maxlength=\"400\" class=\"wpcf7-form-control wpcf7-text wpcf7-validates-as-required\" aria-required=\"true\" aria-invalid=\"false\" value=\"\" type=\"text\" name=\"your-subject\" \/><\/span> <\/label>\n<\/p>\n<p><label> Sua mensagem (opcional)<br \/>\n<span class=\"wpcf7-form-control-wrap\" data-name=\"your-message\"><textarea cols=\"40\" rows=\"10\" maxlength=\"2000\" class=\"wpcf7-form-control wpcf7-textarea\" aria-invalid=\"false\" name=\"your-message\"><\/textarea><\/span> <\/label>\n<\/p>\n<p><input class=\"wpcf7-form-control wpcf7-submit has-spinner\" type=\"submit\" value=\"Enviar\" \/>\n<\/p><p style=\"display: none !important;\" class=\"akismet-fields-container\" data-prefix=\"_wpcf7_ak_\"><label>&#916;<textarea name=\"_wpcf7_ak_hp_textarea\" cols=\"45\" rows=\"8\" maxlength=\"100\"><\/textarea><\/label><input type=\"hidden\" id=\"ak_js_1\" name=\"_wpcf7_ak_js\" value=\"110\"\/><script>document.getElementById( \"ak_js_1\" ).setAttribute( \"value\", ( new Date() ).getTime() );<\/script><\/p><div class=\"wpcf7-response-output\" aria-hidden=\"true\"><\/div>\n<\/form>\n<\/div>\n\n<\/div><\/div>\n<\/div><figure class=\"wp-block-media-text__media\"><img loading=\"lazy\" decoding=\"async\" width=\"1440\" height=\"810\" class=\"wp-image-345 size-full\" src=\"https:\/\/pach.net.br\/wp-content\/uploads\/2026\/05\/df7251219bb24435cc3d269d6c62a1070a10838c.jpg\" alt=\"\" style=\"object-position:50% 50%\" srcset=\"https:\/\/pach.net.br\/wp-content\/uploads\/2026\/05\/df7251219bb24435cc3d269d6c62a1070a10838c.jpg 1440w, https:\/\/pach.net.br\/wp-content\/uploads\/2026\/05\/df7251219bb24435cc3d269d6c62a1070a10838c-300x169.jpg 300w, https:\/\/pach.net.br\/wp-content\/uploads\/2026\/05\/df7251219bb24435cc3d269d6c62a1070a10838c-1024x576.jpg 1024w, https:\/\/pach.net.br\/wp-content\/uploads\/2026\/05\/df7251219bb24435cc3d269d6c62a1070a10838c-768x432.jpg 768w, https:\/\/pach.net.br\/wp-content\/uploads\/2026\/05\/df7251219bb24435cc3d269d6c62a1070a10838c-1320x743.jpg 1320w, https:\/\/pach.net.br\/wp-content\/uploads\/2026\/05\/df7251219bb24435cc3d269d6c62a1070a10838c-600x338.jpg 600w\" sizes=\"auto, (max-width: 1440px) 100vw, 1440px\" \/><\/figure><\/div>\n<\/div><\/div>\n","protected":false},"excerpt":{"rendered":"<p>Pol\u00edtica de Reembolso e Devolu\u00e7\u00f5es Nossa Pol\u00edtica de Reembolso e Devolu\u00e7\u00f5es estabelece que, devido \u00e0 natureza dos servi\u00e7os de c\u00e1lculos periciais prestados, n\u00e3o s\u00e3o permitidas devolu\u00e7\u00f5es ou reembolsos ap\u00f3s a execu\u00e7\u00e3o, salvo raras exce\u00e7\u00f5es em que o cliente n\u00e3o consiga utilizar os servi\u00e7os para seu benef\u00edcio, e somente ap\u00f3s esgotadas as revis\u00f5es previstas. Compromisso Claro<\/p><\/div>\n<div class=\"blog-btn\"><a href=\"https:\/\/pach.net.br\/?page_id=327\" class=\"home-blog-btn\">Ler mais<\/a><\/p>\n","protected":false},"author":1,"featured_media":0,"parent":0,"menu_order":0,"comment_status":"closed","ping_status":"closed","template":"","meta":{"footnotes":""},"class_list":["post-327","page","type-page","status-publish","hentry"],"jetpack_sharing_enabled":true,"_links":{"self":[{"href":"https:\/\/pach.net.br\/index.php?rest_route=\/wp\/v2\/pages\/327","targetHints":{"allow":["GET"]}}],"collection":[{"href":"https:\/\/pach.net.br\/index.php?rest_route=\/wp\/v2\/pages"}],"about":[{"href":"https:\/\/pach.net.br\/index.php?rest_route=\/wp\/v2\/types\/page"}],"author":[{"embeddable":true,"href":"https:\/\/pach.net.br\/index.php?rest_route=\/wp\/v2\/users\/1"}],"replies":[{"embeddable":true,"href":"https:\/\/pach.net.br\/index.php?rest_route=%2Fwp%2Fv2%2Fcomments&post=327"}],"version-history":[{"count":2,"href":"https:\/\/pach.net.br\/index.php?rest_route=\/wp\/v2\/pages\/327\/revisions"}],"predecessor-version":[{"id":346,"href":"https:\/\/pach.net.br\/index.php?rest_route=\/wp\/v2\/pages\/327\/revisions\/346"}],"wp:attachment":[{"href":"https:\/\/pach.net.br\/index.php?rest_route=%2Fwp%2Fv2%2Fmedia&parent=327"}],"curies":[{"name":"wp","href":"https:\/\/api.w.org\/{rel}","templated":true}]}}